{"id":19,"date":"2023-08-31T21:05:10","date_gmt":"2023-08-31T21:05:10","guid":{"rendered":"http:\/\/31.217.192.197\/~nymanlkv\/?page_id=19"},"modified":"2024-08-07T04:20:41","modified_gmt":"2024-08-07T04:20:41","slug":"kontakt","status":"publish","type":"page","link":"https:\/\/www.nymanlkv.fi\/fi\/kontakt\/","title":{"rendered":"Yhteys"},"content":{"rendered":"<p>[et_pb_section fb_built=&#8221;1&#8243; fullwidth=&#8221;on&#8221; disabled_on=&#8221;on|off|off&#8221; _builder_version=&#8221;4.22.0&#8243; _module_preset=&#8221;default&#8221; min_height=&#8221;90vh&#8221; global_colors_info=&#8221;{}&#8221;][et_pb_fullwidth_slider use_bg_overlay=&#8221;off&#8221; use_text_overlay=&#8221;off&#8221; _builder_version=&#8221;4.22.0&#8243; _module_preset=&#8221;default&#8221; header_text_align=&#8221;center&#8221; header_font_size=&#8221;50px&#8221; body_font_size=&#8221;22px&#8221; background_video_mp4=&#8221;https:\/\/www.nymanlkv.fi\/wp-content\/uploads\/2023\/09\/NymanLKV-kontor.mp4&#8243; background_video_height=&#8221;90vh&#8221; content_width=&#8221;100%&#8221; min_height=&#8221;90vh&#8221; header_text_shadow_style=&#8221;preset2&#8243; header_text_shadow_color=&#8221;#26577C&#8221; body_text_shadow_style=&#8221;preset2&#8243; body_text_shadow_color=&#8221;#26577C&#8221; global_colors_info=&#8221;{}&#8221;][et_pb_slide heading=&#8221;Kontakta oss&#8221; _builder_version=&#8221;4.22.0&#8243; _module_preset=&#8221;default&#8221; background_enable_color=&#8221;off&#8221; background_video_mp4=&#8221;https:\/\/www.nymanlkv.fi\/wp-content\/uploads\/2023\/09\/DJI_0192_2.mp4&#8243; background_enable_video_mp4=&#8221;on&#8221; background_video_height=&#8221;80vh&#8221; header_font_size_tablet=&#8221;&#8221; header_font_size_phone=&#8221;30px&#8221; header_font_size_last_edited=&#8221;on|phone&#8221; global_colors_info=&#8221;{}&#8221; sticky_transition=&#8221;on&#8221;]<\/p>\n<p>Arkadiav\u00e4gen 5<br \/>25700 KIMITO<br \/>02 423 755<\/p>\n<p>[\/et_pb_slide][\/et_pb_fullwidth_slider][\/et_pb_section][et_pb_section fb_built=&#8221;1&#8243; fullwidth=&#8221;on&#8221; disabled_on=&#8221;off|on|on&#8221; _builder_version=&#8221;4.22.0&#8243; _module_preset=&#8221;default&#8221; min_height=&#8221;90vh&#8221; global_colors_info=&#8221;{}&#8221;][et_pb_fullwidth_slider use_bg_overlay=&#8221;off&#8221; use_text_overlay=&#8221;off&#8221; _builder_version=&#8221;4.22.0&#8243; _module_preset=&#8221;default&#8221; header_text_align=&#8221;center&#8221; header_font_size=&#8221;50px&#8221; body_font_size=&#8221;22px&#8221; background_video_mp4=&#8221;https:\/\/www.nymanlkv.fi\/wp-content\/uploads\/2023\/09\/NymanLKV-kontor.mp4&#8243; background_video_height=&#8221;90vh&#8221; content_width=&#8221;100%&#8221; min_height=&#8221;90vh&#8221; header_text_shadow_style=&#8221;preset2&#8243; header_text_shadow_color=&#8221;#26577C&#8221; body_text_shadow_style=&#8221;preset2&#8243; body_text_shadow_color=&#8221;#26577C&#8221; global_colors_info=&#8221;{}&#8221; custom_padding=&#8221;267px|||||&#8221;][et_pb_slide heading=&#8221;Kontakta oss&#8221; _builder_version=&#8221;4.22.0&#8243; _module_preset=&#8221;default&#8221; background_enable_color=&#8221;off&#8221; background_video_mp4=&#8221;https:\/\/www.nymanlkv.fi\/wp-content\/uploads\/2023\/09\/NymanLKV-kontor.mp4&#8243; background_enable_video_mp4=&#8221;on&#8221; background_video_height=&#8221;80vh&#8221; header_font_size_tablet=&#8221;&#8221; header_font_size_phone=&#8221;30px&#8221; header_font_size_last_edited=&#8221;on|phone&#8221; global_colors_info=&#8221;{}&#8221; sticky_transition=&#8221;on&#8221;]<\/p>\n<p>Arkadiav\u00e4gen 5<br \/>25700 KIMITO<br \/>02 423 755<\/p>\n<p>[\/et_pb_slide][\/et_pb_fullwidth_slider][\/et_pb_section][et_pb_section fb_built=&#8221;1&#8243; theme_builder_area=&#8221;post_content&#8221; _builder_version=&#8221;4.22.0&#8243; _module_preset=&#8221;default&#8221; background_color=&#8221;#EEEBDE&#8221; hover_enabled=&#8221;0&#8243; sticky_enabled=&#8221;0&#8243;][et_pb_row _builder_version=&#8221;4.22.0&#8243; _module_preset=&#8221;default&#8221; theme_builder_area=&#8221;post_content&#8221;][et_pb_column _builder_version=&#8221;4.22.0&#8243; _module_preset=&#8221;default&#8221; type=&#8221;4_4&#8243; theme_builder_area=&#8221;post_content&#8221;][et_pb_code _builder_version=&#8221;4.22.0&#8243; _module_preset=&#8221;default&#8221; theme_builder_area=&#8221;post_content&#8221; hover_enabled=&#8221;0&#8243; sticky_enabled=&#8221;0&#8243;]<script type=\"module\" async=\"\" src=https:\/\/leads.scripts.linear.fi\/index.js type=\"text\/javascript\"><\/script> <!-- [et_pb_line_break_holder] --><link async=\"\" href=https:\/\/leads.scripts.linear.fi\/index.css media=\"all\" rel=\"stylesheet\" type=\"text\/css\"> <!-- [et_pb_line_break_holder] --><\/p>\n<div <!-- [et_pb_line_break_holder] -->    class=&#8221;linear-script-leads&#8221; <!-- [et_pb_line_break_holder] -->    data-middleware-version=&#8221;v3&#8243;<!-- [et_pb_line_break_holder] -->    data-secret=&#8221;U2FsdGVkX1.Kb2OE7QjwK8Ir1u6.5JbWGs3G3EX.l7Whpn8PV8C2kKkn1vKI846z4wE0_MqJhp.Dn6AN0T3Ol_QrmHyMvUvxrcaUG3CyR9J0Jolmw450RL4uwRtmvqfgmOYK8A7biX8OYE6G1J6JjQ&#8211;&#8221;<!-- [et_pb_line_break_holder] -->    data-color=&#8221;rgb(180,139,115)&#8221;<!-- [et_pb_line_break_holder] -->    data-realtor-email=&#8221;&#8221; <!-- [et_pb_line_break_holder] -->    data-terms-link=&#8221;&#8221;><!-- [et_pb_line_break_holder] --><\/div>\n<p>[\/et_pb_code][\/et_pb_column][\/et_pb_row][\/et_pb_section][et_pb_section fb_built=&#8221;1&#8243; next_background_color=&#8221;#26577C&#8221; _builder_version=&#8221;4.22.0&#8243; _module_preset=&#8221;default&#8221; background_color=&#8221;#EEEBDE&#8221; bottom_divider_style=&#8221;wave2&#8243; bottom_divider_height=&#8221;61px&#8221; hover_enabled=&#8221;0&#8243; global_colors_info=&#8221;{}&#8221; sticky_enabled=&#8221;0&#8243;][et_pb_row column_structure=&#8221;1_3,1_3,1_3&#8243; _builder_version=&#8221;4.22.0&#8243; _module_preset=&#8221;default&#8221; global_colors_info=&#8221;{}&#8221;][et_pb_column type=&#8221;1_3&#8243; _builder_version=&#8221;4.22.0&#8243; _module_preset=&#8221;default&#8221; global_colors_info=&#8221;{}&#8221;][et_pb_blurb title=&#8221;Mats Nyman&#8221; image=&#8221;https:\/\/www.nymanlkv.fi\/wp-content\/uploads\/2023\/09\/Profil-Mats-400px.png&#8221; image_icon_width=&#8221;100%&#8221; _builder_version=&#8221;4.22.0&#8243; _module_preset=&#8221;default&#8221; header_text_align=&#8221;center&#8221; body_text_align=&#8221;center&#8221; background_color=&#8221;#EEEBDE&#8221; header_text_align_tablet=&#8221;center&#8221; header_text_align_phone=&#8221;center&#8221; header_text_align_last_edited=&#8221;on|desktop&#8221; body_text_align_tablet=&#8221;center&#8221; body_text_align_phone=&#8221;center&#8221; body_text_align_last_edited=&#8221;on|desktop&#8221; global_colors_info=&#8221;{}&#8221;]<\/p>\n<p>VD, F\u00f6rs\u00e4ljare<br \/><a href=\"mailto:mats@nymanlkv.fi\">mats@nymanlkv.fi<\/a><br \/>+358 44 0530 616<\/p>\n<p>[\/et_pb_blurb][\/et_pb_column][et_pb_column type=&#8221;1_3&#8243; _builder_version=&#8221;4.22.0&#8243; _module_preset=&#8221;default&#8221; global_colors_info=&#8221;{}&#8221;][et_pb_blurb title=&#8221;Magnus Nyman&#8221; image=&#8221;https:\/\/www.nymanlkv.fi\/wp-content\/uploads\/2023\/09\/Profil-Magnus-400px.png&#8221; image_icon_width=&#8221;100%&#8221; _builder_version=&#8221;4.22.0&#8243; _module_preset=&#8221;default&#8221; header_text_align=&#8221;center&#8221; body_text_align=&#8221;center&#8221; background_color=&#8221;#EEEBDE&#8221; header_text_align_tablet=&#8221;center&#8221; header_text_align_phone=&#8221;center&#8221; header_text_align_last_edited=&#8221;on|desktop&#8221; body_text_align_tablet=&#8221;center&#8221; body_text_align_phone=&#8221;center&#8221; body_text_align_last_edited=&#8221;on|desktop&#8221; global_colors_info=&#8221;{}&#8221;]<\/p>\n<p title=\"Senior Advisor, AFM-LKV\">Senior Advisor, AFM<br \/><a href=\"mailto:magnus@nymanlkv.fi\">magnus@nymanlkv.fi<\/a><br \/>+358 40 0535 492<\/p>\n<p>[\/et_pb_blurb][\/et_pb_column][et_pb_column type=&#8221;1_3&#8243; _builder_version=&#8221;4.22.0&#8243; _module_preset=&#8221;default&#8221; global_colors_info=&#8221;{}&#8221;][et_pb_blurb title=&#8221;Greger Martell&#8221; image=&#8221;https:\/\/www.nymanlkv.fi\/wp-content\/uploads\/2023\/09\/Blank-400px.png&#8221; image_icon_width=&#8221;100%&#8221; _builder_version=&#8221;4.22.0&#8243; _module_preset=&#8221;default&#8221; header_text_align=&#8221;center&#8221; body_text_align=&#8221;center&#8221; background_color=&#8221;#EEEBDE&#8221; header_text_align_tablet=&#8221;center&#8221; header_text_align_phone=&#8221;center&#8221; header_text_align_last_edited=&#8221;on|desktop&#8221; body_text_align_tablet=&#8221;center&#8221; body_text_align_phone=&#8221;center&#8221; body_text_align_last_edited=&#8221;on|desktop&#8221; global_colors_info=&#8221;{}&#8221;]<\/p>\n<p>Senior Advisor, AFM<br \/><a href=\"mailto:greger@nymanlkv.fi\">greger@nymanlkv.fi<\/a><br \/>+358 44 0423 755<\/p>\n<p>[\/et_pb_blurb][\/et_pb_column][\/et_pb_row][\/et_pb_section][et_pb_section fb_built=&#8221;1&#8243; next_background_color=&#8221;#EEEBDE&#8221; _builder_version=&#8221;4.22.0&#8243; _module_preset=&#8221;default&#8221; background_color=&#8221;#26577C&#8221; custom_padding=&#8221;26px|||||&#8221; top_divider_flip=&#8221;horizontal&#8221; bottom_divider_style=&#8221;waves2&#8243; bottom_divider_height=&#8221;31px&#8221; locked=&#8221;off&#8221; global_colors_info=&#8221;{}&#8221;][et_pb_row _builder_version=&#8221;4.22.0&#8243; _module_preset=&#8221;default&#8221; global_colors_info=&#8221;{}&#8221;][et_pb_column type=&#8221;4_4&#8243; _builder_version=&#8221;4.22.0&#8243; _module_preset=&#8221;default&#8221; global_colors_info=&#8221;{}&#8221;][et_pb_heading title=&#8221;F\u00f6lj oss p\u00e5 Facebook&#8221; _builder_version=&#8221;4.22.0&#8243; _module_preset=&#8221;default&#8221; title_text_align=&#8221;center&#8221; title_text_color=&#8221;#EEEBDE&#8221; global_colors_info=&#8221;{}&#8221;][\/et_pb_heading][et_pb_social_media_follow icon_color=&#8221;#DAB783&#8243; _builder_version=&#8221;4.22.0&#8243; _module_preset=&#8221;default&#8221; custom_button=&#8221;on&#8221; button_text_color=&#8221;#EEEBDE&#8221; text_orientation=&#8221;center&#8221; global_colors_info=&#8221;{}&#8221;][et_pb_social_media_follow_network social_network=&#8221;facebook&#8221; url=&#8221;https:\/\/www.facebook.com\/people\/Magnus-Nyman-Afm-Lkv\/100054399914725\/&#8221; icon_color=&#8221;#26577C&#8221; use_icon_font_size=&#8221;on&#8221; icon_font_size=&#8221;34px&#8221; _builder_version=&#8221;4.22.0&#8243; _module_preset=&#8221;default&#8221; background_color=&#8221;#EEEBDE&#8221; background_enable_color=&#8221;on&#8221; global_colors_info=&#8221;{}&#8221; follow_button=&#8221;off&#8221; url_new_window=&#8221;on&#8221;]facebook[\/et_pb_social_media_follow_network][\/et_pb_social_media_follow][\/et_pb_column][\/et_pb_row][\/et_pb_section]<\/p>\n","protected":false},"excerpt":{"rendered":"<p>Arkadiav\u00e4gen 525700 KIMITO02 423 755Arkadiav\u00e4gen 525700 KIMITO02 423 755VD, F\u00f6rs\u00e4ljaremats@nymanlkv.fi+358 44 0530 616Senior Advisor, AFMmagnus@nymanlkv.fi+358 40 0535 492Senior Advisor, AFMgreger@nymanlkv.fi+358 44 0423 755<\/p>","protected":false},"author":1,"featured_media":0,"parent":0,"menu_order":0,"comment_status":"closed","ping_status":"closed","template":"","meta":{"_et_pb_use_builder":"on","_et_pb_old_content":"","_et_gb_content_width":"","footnotes":""},"class_list":["post-19","page","type-page","status-publish","hentry"],"language":"fi","_links":{"self":[{"href":"https:\/\/www.nymanlkv.fi\/fi\/wp-json\/wp\/v2\/pages\/19","targetHints":{"allow":["GET"]}}],"collection":[{"href":"https:\/\/www.nymanlkv.fi\/fi\/wp-json\/wp\/v2\/pages"}],"about":[{"href":"https:\/\/www.nymanlkv.fi\/fi\/wp-json\/wp\/v2\/types\/page"}],"author":[{"embeddable":true,"href":"https:\/\/www.nymanlkv.fi\/fi\/wp-json\/wp\/v2\/users\/1"}],"replies":[{"embeddable":true,"href":"https:\/\/www.nymanlkv.fi\/fi\/wp-json\/wp\/v2\/comments?post=19"}],"version-history":[{"count":38,"href":"https:\/\/www.nymanlkv.fi\/fi\/wp-json\/wp\/v2\/pages\/19\/revisions"}],"predecessor-version":[{"id":324,"href":"https:\/\/www.nymanlkv.fi\/fi\/wp-json\/wp\/v2\/pages\/19\/revisions\/324"}],"wp:attachment":[{"href":"https:\/\/www.nymanlkv.fi\/fi\/wp-json\/wp\/v2\/media?parent=19"}],"curies":[{"name":"wp","href":"https:\/\/api.w.org\/{rel}","templated":true}]}}