{"id":16,"date":"2023-08-31T21:05:10","date_gmt":"2023-08-31T21:05:10","guid":{"rendered":"http:\/\/31.217.192.197\/~nymanlkv\/?page_id=16"},"modified":"2024-09-03T17:44:30","modified_gmt":"2024-09-03T17:44:30","slug":"tjanster","status":"publish","type":"page","link":"https:\/\/www.nymanlkv.fi\/fi\/tjanster\/","title":{"rendered":"Palvelut"},"content":{"rendered":"<p>[et_pb_section fb_built=&#8221;1&#8243; next_background_color=&#8221;#EEEBDE&#8221; _builder_version=&#8221;4.22.0&#8243; _module_preset=&#8221;default&#8221; background_color=&#8221;#26577C&#8221; bottom_divider_style=&#8221;curve2&#8243; bottom_divider_height=&#8221;65px&#8221; global_colors_info=&#8221;{}&#8221;][et_pb_row _builder_version=&#8221;4.22.0&#8243; _module_preset=&#8221;default&#8221; global_colors_info=&#8221;{}&#8221;][et_pb_column type=&#8221;4_4&#8243; _builder_version=&#8221;4.22.0&#8243; _module_preset=&#8221;default&#8221; global_colors_info=&#8221;{}&#8221;][et_pb_heading title=&#8221;V\u00e5ra tj\u00e4nster och priser&#8221; _builder_version=&#8221;4.22.0&#8243; _module_preset=&#8221;default&#8221; title_text_align=&#8221;center&#8221; title_text_color=&#8221;#EEEBDE&#8221; title_font_size=&#8221;42px&#8221; global_colors_info=&#8221;{}&#8221;][\/et_pb_heading][\/et_pb_column][\/et_pb_row][et_pb_row _builder_version=&#8221;4.22.0&#8243; _module_preset=&#8221;default&#8221; width=&#8221;60%&#8221; width_tablet=&#8221;80%&#8221; width_phone=&#8221;80%&#8221; width_last_edited=&#8221;on|phone&#8221; global_colors_info=&#8221;{}&#8221;][et_pb_column type=&#8221;4_4&#8243; _builder_version=&#8221;4.22.0&#8243; _module_preset=&#8221;default&#8221; global_colors_info=&#8221;{}&#8221;][et_pb_accordion open_toggle_text_color=&#8221;#26577C&#8221; open_toggle_background_color=&#8221;#EEEBDE&#8221; closed_toggle_background_color=&#8221;#EEEBDE&#8221; icon_color=&#8221;#DAB783&#8243; use_icon_font_size=&#8221;on&#8221; icon_font_size=&#8221;24px&#8221; _builder_version=&#8221;4.22.0&#8243; _module_preset=&#8221;default&#8221; toggle_text_color=&#8221;#26577C&#8221; toggle_font_size=&#8221;18px&#8221; closed_toggle_font_size=&#8221;18px&#8221; body_text_color=&#8221;#26577C&#8221; global_colors_info=&#8221;{}&#8221;][et_pb_accordion_item title=&#8221;Fastighetsf\u00f6rmedling&#8221; open=&#8221;on&#8221; _builder_version=&#8221;4.22.0&#8243; _module_preset=&#8221;default&#8221; global_colors_info=&#8221;{}&#8221;]<\/p>\n<p>Vi f\u00f6rmedlar fastigheter, bost\u00e4der och fritidsbost\u00e4der med lokalk\u00e4nnedom och yrkeskunskap.<\/p>\n<p>[\/et_pb_accordion_item][et_pb_accordion_item title=&#8221;Hyresf\u00f6rmedling&#8221; _builder_version=&#8221;4.22.0&#8243; _module_preset=&#8221;default&#8221; global_colors_info=&#8221;{}&#8221; open=&#8221;off&#8221;]<\/p>\n<p>Vi hyr ut din bostad, enkelt och effektivt. Med v\u00e5r goda lokalk\u00e4nnedom hittar vi din hyresg\u00e4st utan att du beh\u00f6ver anstr\u00e4nga dig, \u00f6verl\u00e5t det till oss.<\/p>\n<p>[\/et_pb_accordion_item][et_pb_accordion_item title=&#8221;V\u00e4rderingar&#8221; _builder_version=&#8221;4.22.0&#8243; _module_preset=&#8221;default&#8221; global_colors_info=&#8221;{}&#8221; open=&#8221;off&#8221;]<\/p>\n<p>Via oss f\u00e5r du enkelt reda p\u00e5 din fastighets, bostads eller fritidsfastighets aktuella v\u00e4rde. Med m\u00e5nga \u00e5rs erfarenhet kan vi garantera en grundlig v\u00e4rdering baserad p\u00e5 j\u00e4mf\u00f6relser och dagens marknadssituation.<\/p>\n<p>[\/et_pb_accordion_item][et_pb_accordion_item title=&#8221;K\u00f6pebrev&#8221; _builder_version=&#8221;4.22.0&#8243; _module_preset=&#8221;default&#8221; global_colors_info=&#8221;{}&#8221; open=&#8221;off&#8221;]<\/p>\n<p>N\u00e4r det g\u00e4ller att g\u00f6ra upp k\u00f6pebrev och avtal l\u00f6nar det sig alltid att \u00f6verl\u00e5ta till yrkeskunniga personer. Ett bra uppgjort k\u00f6pebrev minskar risken f\u00f6r eventuella tvister i efterhand. Vi g\u00f6r upp dina k\u00f6pebrev och avtal noggrant med flera \u00e5rs erfarenhet. Det \u00e4r viktigt att redan i f\u00f6rhandlingsskedet g\u00f6ra upp om alla delar som kommer att tas upp i k\u00f6pebrevet eller -avtalet.<\/p>\n<p>[\/et_pb_accordion_item][et_pb_accordion_item title=&#8221;Offentligt k\u00f6pvittne&#8221; _builder_version=&#8221;4.22.0&#8243; _module_preset=&#8221;default&#8221; global_colors_info=&#8221;{}&#8221; open=&#8221;off&#8221;]<\/p>\n<p>Vid \u00f6verl\u00e5telse av fastighet ska ett k\u00f6pvittne n\u00e4rvara vid undertecknande av \u00f6verl\u00e5telsehandlingen. \u00c4ven ett f\u00f6ravtal om fastighetsk\u00f6p ska bevittnas av ett k\u00f6pvittne.<\/p>\n<p>[\/et_pb_accordion_item][et_pb_accordion_item title=&#8221;Bouppteckningar&#8221; _builder_version=&#8221;4.22.0&#8243; _module_preset=&#8221;default&#8221; global_colors_info=&#8221;{}&#8221; open=&#8221;off&#8221;]<\/p>\n<p>Vid en bouppteckning l\u00f6nar det sig att s\u00e5 snabbt som m\u00f6jlig kontakta oss. En bouppteckning \u00e4r en skriftlig handling som enligt lag skall redovisa samtliga tillg\u00e5ngar och skulder i samband med d\u00f6dsfall och vid konkurs. I bouppteckningen ska ocks\u00e5 uppges vilka som \u00e4r d\u00f6dsbodel\u00e4gare, efterarvingar och testamentariska arvingar.<\/p>\n<p>[\/et_pb_accordion_item][et_pb_accordion_item title=&#8221;Arvskiftet&#8221; _builder_version=&#8221;4.22.0&#8243; _module_preset=&#8221;default&#8221; global_colors_info=&#8221;{}&#8221; open=&#8221;off&#8221;]<\/p>\n<p><span>Arvskifte f\u00f6rr\u00e4ttas av arvingar och universella testamentstagare. Alla arvingar \u00e4r del\u00e4gare i den juridiska person som d\u00f6dsboet utg\u00f6r. \u00d6ver arvskifte skall uppr\u00e4ttas en handling som skrivs under av del\u00e4garna.<\/span><\/p>\n<p>[\/et_pb_accordion_item][et_pb_accordion_item title=&#8221;Bolagsbildningar&#8221; _builder_version=&#8221;4.22.0&#8243; _module_preset=&#8221;default&#8221; global_colors_info=&#8221;{}&#8221; open=&#8221;off&#8221;]<\/p>\n<p>Vi har stor erfarenhet av bolagsregistreringar och bolagsbildningar och har hj\u00e4lpt m\u00e5nga f\u00f6retag till v\u00e4rlden. N\u00e4r vi bildar ett bolag f\u00f6r din r\u00e4kning garanterar vi att samtliga handlingar som kr\u00e4vs f\u00f6r bildandet \u00e4r korrekta och efter dina \u00f6nskem\u00e5l. Ta kontakt s\u00e5 ber\u00e4ttar vi mer!<\/p>\n<p>[\/et_pb_accordion_item][\/et_pb_accordion][\/et_pb_column][\/et_pb_row][\/et_pb_section][et_pb_section fb_built=&#8221;1&#8243; _builder_version=&#8221;4.22.0&#8243; _module_preset=&#8221;default&#8221; background_color=&#8221;#EEEBDE&#8221; global_colors_info=&#8221;{}&#8221;][et_pb_row _builder_version=&#8221;4.22.0&#8243; _module_preset=&#8221;default&#8221; global_colors_info=&#8221;{}&#8221;][et_pb_column type=&#8221;4_4&#8243; _builder_version=&#8221;4.22.0&#8243; _module_preset=&#8221;default&#8221; global_colors_info=&#8221;{}&#8221;][et_pb_text _builder_version=&#8221;4.22.0&#8243; _module_preset=&#8221;default&#8221; text_text_color=&#8221;#26577C&#8221; background_enable_color=&#8221;off&#8221; custom_padding=&#8221;||16px|||&#8221; global_colors_info=&#8221;{}&#8221;]<\/p>\n<p><strong>F\u00f6rmedlingsarvode<\/strong><\/p>\n<p>Bostadshus och egnahemshus <strong>5,02\u00a0%<\/strong><br \/>Radhus- och h\u00f6ghusl\u00e4genheter\u00a0<strong>4,36 %<\/strong><br \/>Objekt i sk\u00e4rg\u00e5rden<strong> 5,02 %<\/strong><\/p>\n<p>Minsta provision f\u00f6r ett uppdrag <strong>3765 \u20ac.<br \/><\/strong>Alla priser inneh\u00e5ller 25,5 % moms och ber\u00e4knas fr\u00e5n det skuldfria priset. (Skuldfritt pris = f\u00f6rs\u00e4ljningspris + eventuell skuldandel.)<\/p>\n<p><strong>Hyresf\u00f6rmedling<\/strong><\/p>\n<p>M\u00e5nadshyra x 1,255.<br \/>Minsta provision f\u00f6r ett uppdrag \u00e4r <strong>400 \u20ac.<\/strong><\/p>\n<p><strong>\u00d6vriga handlingar<\/strong><\/p>\n<p>Lagstadgade handlingar<strong> 126 \u20ac.<br \/><\/strong>Inneh\u00e5ller: Lagfart, Gravitationsbevis, Fastighetsregisterutdrag samt Kartutdrag.<strong><\/strong><\/p>\n<p><strong>V\u00e4rderingar<\/strong><\/p>\n<p>Aktiel\u00e4genhet <strong>300 &#8211; 600\u20ac<\/strong><br \/>Egnahemshus <strong>350 &#8211; 850\u20ac<\/strong><br \/>Objekt i Sk\u00e4rg\u00e5rden <strong>500 &#8211; 1000\u20ac<\/strong><\/p>\n<p>V\u00e4rderingens pris \u00e4r beroende av objektets l\u00e4ge och omfattning samt p\u00e5 v\u00e4rderingens \u00e4ndam\u00e5l och omf\u00e5ng. St\u00f6rre helheter enligt \u00f6verenskommelse. Ta kontakt f\u00f6r att diskutera n\u00e4rmare ang\u00e5ende just ditt objekt och behov. D\u00e4rtill debiteras eventuella resekostnader samt dokument- och utredningskostnader.<\/p>\n<p><strong>K\u00f6pebrev<\/strong><\/p>\n<p>Aktielokal <strong>400 \u20ac<\/strong><br \/>Fastighet <strong>600 \u20ac<\/strong><br \/>K\u00f6pvittne <strong>128 \u20ac<\/strong><\/p>\n<p><strong><\/strong><\/p>\n<p><strong>\u00d6vrigt<\/strong><\/p>\n<p>Konsultarbete <strong>125 \u20ac\/h<\/strong><br \/>Intressebevakningsfullmakt <strong>fr\u00e5n 250 \u20ac<\/strong><br \/>Bouppteckningar <strong>fr\u00e5n 500 \u20ac<\/strong><br \/>Arvsskiften <strong>fr\u00e5n 370 \u20ac<\/strong><br \/>Bolagsbildningar <strong>fr\u00e5n 190 \u20ac<\/strong><\/p>\n<p>[\/et_pb_text][\/et_pb_column][\/et_pb_row][\/et_pb_section][et_pb_section fb_built=&#8221;1&#8243; fullwidth=&#8221;on&#8221; _builder_version=&#8221;4.22.0&#8243; _module_preset=&#8221;default&#8221; global_colors_info=&#8221;{}&#8221;][et_pb_fullwidth_header title=&#8221;Intresserad av v\u00e5ra tj\u00e4nster?&#8221; button_one_text=&#8221;Kontakta oss&#8221; button_one_url=&#8221;\/kontakt&#8221; header_image_url=&#8221;https:\/\/www.nymanlkv.fi\/wp-content\/uploads\/2023\/10\/gruppnyman2.png&#8221; _builder_version=&#8221;4.22.0&#8243; _module_preset=&#8221;default&#8221; background_color=&#8221;#26577C&#8221; custom_button_one=&#8221;on&#8221; button_one_custom_padding=&#8221;10px||10px||true|false&#8221; custom_padding=&#8221;0px||0px|||&#8221; global_colors_info=&#8221;{}&#8221;]<\/p>\n<p>H\u00f6r av dig till oss, s\u00e5 kan vi ber\u00e4tta mera om v\u00e5ra tj\u00e4nster och priser eller boka in en tr\u00e4ff.<\/p>\n<p>[\/et_pb_fullwidth_header][\/et_pb_section]<\/p>\n","protected":false},"excerpt":{"rendered":"<p>Vi f\u00f6rmedlar fastigheter, bost\u00e4der och fritidsbost\u00e4der med lokalk\u00e4nnedom och yrkeskunskap.Vi hyr ut din bostad, enkelt och effektivt. Med v\u00e5r goda lokalk\u00e4nnedom hittar vi din hyresg\u00e4st utan att du beh\u00f6ver anstr\u00e4nga dig, \u00f6verl\u00e5t det till oss.Via oss f\u00e5r du enkelt reda p\u00e5 din fastighets, bostads eller fritidsfastighets aktuella v\u00e4rde. Med m\u00e5nga \u00e5rs erfarenhet kan vi garantera [&hellip;]<\/p>\n","protected":false},"author":1,"featured_media":0,"parent":0,"menu_order":0,"comment_status":"closed","ping_status":"closed","template":"","meta":{"_et_pb_use_builder":"on","_et_pb_old_content":"","_et_gb_content_width":"","footnotes":""},"class_list":["post-16","page","type-page","status-publish","hentry"],"language":"fi","_links":{"self":[{"href":"https:\/\/www.nymanlkv.fi\/fi\/wp-json\/wp\/v2\/pages\/16","targetHints":{"allow":["GET"]}}],"collection":[{"href":"https:\/\/www.nymanlkv.fi\/fi\/wp-json\/wp\/v2\/pages"}],"about":[{"href":"https:\/\/www.nymanlkv.fi\/fi\/wp-json\/wp\/v2\/types\/page"}],"author":[{"embeddable":true,"href":"https:\/\/www.nymanlkv.fi\/fi\/wp-json\/wp\/v2\/users\/1"}],"replies":[{"embeddable":true,"href":"https:\/\/www.nymanlkv.fi\/fi\/wp-json\/wp\/v2\/comments?post=16"}],"version-history":[{"count":37,"href":"https:\/\/www.nymanlkv.fi\/fi\/wp-json\/wp\/v2\/pages\/16\/revisions"}],"predecessor-version":[{"id":334,"href":"https:\/\/www.nymanlkv.fi\/fi\/wp-json\/wp\/v2\/pages\/16\/revisions\/334"}],"wp:attachment":[{"href":"https:\/\/www.nymanlkv.fi\/fi\/wp-json\/wp\/v2\/media?parent=16"}],"curies":[{"name":"wp","href":"https:\/\/api.w.org\/{rel}","templated":true}]}}