{"id":15,"date":"2023-08-31T21:05:10","date_gmt":"2023-08-31T21:05:10","guid":{"rendered":"http:\/\/31.217.192.197\/~nymanlkv\/?page_id=15"},"modified":"2023-10-13T09:30:00","modified_gmt":"2023-10-13T09:30:00","slug":"start","status":"publish","type":"page","link":"https:\/\/www.nymanlkv.fi\/fi\/","title":{"rendered":"Start"},"content":{"rendered":"<p>[et_pb_section fb_built=&#8221;1&#8243; fullwidth=&#8221;on&#8221; _builder_version=&#8221;4.22.0&#8243; _module_preset=&#8221;default&#8221; global_colors_info=&#8221;{}&#8221;][et_pb_fullwidth_slider disabled_on=&#8221;off|on|on&#8221; _builder_version=&#8221;4.22.0&#8243; _module_preset=&#8221;default&#8221; header_font=&#8221;||||||||&#8221; body_font=&#8221;|||on|||||&#8221; body_text_color=&#8221;#182B0F&#8221; body_font_size=&#8221;11px&#8221; height=&#8221;50vh&#8221; animation_style=&#8221;fade&#8221; auto=&#8221;on&#8221; auto_speed=&#8221;5000&#8243; auto_ignore_hover=&#8221;on&#8221; custom_css_slide_description=&#8221;animation-name: none;&#8221; body_text_shadow_style=&#8221;preset2&#8243; body_text_shadow_horizontal_length=&#8221;0.07em&#8221; body_text_shadow_vertical_length=&#8221;0.09em&#8221; body_text_shadow_blur_strength=&#8221;0.06em&#8221; body_text_shadow_color=&#8221;#26577C&#8221; global_colors_info=&#8221;{}&#8221;][et_pb_slide heading=&#8221;Magnus Nyman AFM AB&#8221; use_bg_overlay=&#8221;off&#8221; use_text_overlay=&#8221;off&#8221; _builder_version=&#8221;4.22.0&#8243; _module_preset=&#8221;default&#8221; header_text_color=&#8221;#EEEBDE&#8221; header_font_size=&#8221;60px&#8221; body_text_color=&#8221;#EEEBDE&#8221; body_font_size=&#8221;30px&#8221; body_line_height=&#8221;1.2em&#8221; background_enable_color=&#8221;off&#8221; background_image=&#8221;https:\/\/www.nymanlkv.fi\/wp-content\/uploads\/2023\/09\/drone-2.jpg&#8221; background_enable_image=&#8221;on&#8221; header_font_size_tablet=&#8221;40px&#8221; header_font_size_phone=&#8221;20px&#8221; header_font_size_last_edited=&#8221;on|phone&#8221; body_font_size_tablet=&#8221;23px&#8221; body_font_size_phone=&#8221;15px&#8221; body_font_size_last_edited=&#8221;on|phone&#8221; header_text_shadow_style=&#8221;preset2&#8243; header_text_shadow_horizontal_length=&#8221;0.05em&#8221; header_text_shadow_vertical_length=&#8221;0.04em&#8221; header_text_shadow_blur_strength=&#8221;0.03em&#8221; header_text_shadow_color=&#8221;#26577C&#8221; global_colors_info=&#8221;{}&#8221; sticky_transition=&#8221;on&#8221;]<\/p>\n<p style=\"text-align: center;\">FASTIGHETSF\u00d6RMEDLING P\u00c5 KIMITO\u00d6N<\/p>\n<p>[\/et_pb_slide][et_pb_slide heading=&#8221;Magnus Nyman AFM AB&#8221; use_bg_overlay=&#8221;off&#8221; use_text_overlay=&#8221;off&#8221; _builder_version=&#8221;4.22.0&#8243; _module_preset=&#8221;default&#8221; header_text_color=&#8221;#EEEBDE&#8221; header_font_size=&#8221;60px&#8221; body_text_color=&#8221;#EEEBDE&#8221; body_font_size=&#8221;30px&#8221; body_line_height=&#8221;1.2em&#8221; background_enable_color=&#8221;off&#8221; background_image=&#8221;https:\/\/www.nymanlkv.fi\/wp-content\/uploads\/2023\/09\/small-drone.jpg&#8221; background_enable_image=&#8221;on&#8221; header_font_size_tablet=&#8221;40px&#8221; header_font_size_phone=&#8221;20px&#8221; header_font_size_last_edited=&#8221;on|phone&#8221; body_font_size_tablet=&#8221;23px&#8221; body_font_size_phone=&#8221;15px&#8221; body_font_size_last_edited=&#8221;on|phone&#8221; header_text_shadow_style=&#8221;preset2&#8243; header_text_shadow_horizontal_length=&#8221;0.05em&#8221; header_text_shadow_vertical_length=&#8221;0.04em&#8221; header_text_shadow_blur_strength=&#8221;0.03em&#8221; header_text_shadow_color=&#8221;#26577C&#8221; global_colors_info=&#8221;{}&#8221; sticky_transition=&#8221;on&#8221;]<\/p>\n<p><span style=\"color: #eeebde;\">Fastighetsf\u00f6rmedling p\u00e5 Kimito\u00f6n<\/span><\/p>\n<p>[\/et_pb_slide][et_pb_slide heading=&#8221;Magnus Nyman AFM AB&#8221; use_bg_overlay=&#8221;off&#8221; use_text_overlay=&#8221;off&#8221; _builder_version=&#8221;4.22.0&#8243; _module_preset=&#8221;default&#8221; header_text_color=&#8221;#EEEBDE&#8221; header_font_size=&#8221;60px&#8221; body_text_color=&#8221;#EEEBDE&#8221; body_font_size=&#8221;30px&#8221; body_line_height=&#8221;1.2em&#8221; background_enable_color=&#8221;off&#8221; background_image=&#8221;https:\/\/www.nymanlkv.fi\/wp-content\/uploads\/2023\/09\/NymanLKV-2-scaled.jpg&#8221; background_enable_image=&#8221;on&#8221; header_font_size_tablet=&#8221;40px&#8221; header_font_size_phone=&#8221;20px&#8221; header_font_size_last_edited=&#8221;on|phone&#8221; body_font_size_tablet=&#8221;23px&#8221; body_font_size_phone=&#8221;15px&#8221; body_font_size_last_edited=&#8221;on|phone&#8221; header_text_shadow_style=&#8221;preset2&#8243; header_text_shadow_horizontal_length=&#8221;0.05em&#8221; header_text_shadow_vertical_length=&#8221;0.04em&#8221; header_text_shadow_blur_strength=&#8221;0.03em&#8221; header_text_shadow_color=&#8221;#26577C&#8221; global_colors_info=&#8221;{}&#8221; sticky_transition=&#8221;on&#8221;]<\/p>\n<p><span style=\"color: #eeebde;\">Fastighetsf\u00f6rmedling p\u00e5 Kimito\u00f6n<\/span><\/p>\n<p>[\/et_pb_slide][et_pb_slide heading=&#8221;Magnus Nyman AFM AB&#8221; use_bg_overlay=&#8221;off&#8221; use_text_overlay=&#8221;off&#8221; _builder_version=&#8221;4.22.0&#8243; _module_preset=&#8221;default&#8221; header_text_color=&#8221;#EEEBDE&#8221; header_font_size=&#8221;60px&#8221; body_text_color=&#8221;#EEEBDE&#8221; body_font_size=&#8221;30px&#8221; body_line_height=&#8221;1.2em&#8221; background_enable_color=&#8221;off&#8221; background_image=&#8221;https:\/\/www.nymanlkv.fi\/wp-content\/uploads\/2023\/09\/NymanLKV-scaled.jpg&#8221; background_enable_image=&#8221;on&#8221; header_font_size_tablet=&#8221;40px&#8221; header_font_size_phone=&#8221;20px&#8221; header_font_size_last_edited=&#8221;on|phone&#8221; body_font_size_tablet=&#8221;23px&#8221; body_font_size_phone=&#8221;15px&#8221; body_font_size_last_edited=&#8221;on|phone&#8221; header_text_shadow_style=&#8221;preset2&#8243; header_text_shadow_horizontal_length=&#8221;0.05em&#8221; header_text_shadow_vertical_length=&#8221;0.04em&#8221; header_text_shadow_blur_strength=&#8221;0.03em&#8221; header_text_shadow_color=&#8221;#26577C&#8221; global_colors_info=&#8221;{}&#8221; sticky_transition=&#8221;on&#8221;]<\/p>\n<p><span style=\"color: #eeebde;\">Fastighetsf\u00f6rmedling p\u00e5 Kimito\u00f6n<\/span><\/p>\n<p>[\/et_pb_slide][et_pb_slide heading=&#8221;Magnus Nyman AFM AB&#8221; use_bg_overlay=&#8221;off&#8221; use_text_overlay=&#8221;off&#8221; _builder_version=&#8221;4.22.0&#8243; _module_preset=&#8221;default&#8221; header_text_color=&#8221;#EEEBDE&#8221; header_font_size=&#8221;60px&#8221; body_text_color=&#8221;#EEEBDE&#8221; body_font_size=&#8221;30px&#8221; body_line_height=&#8221;1.2em&#8221; background_enable_color=&#8221;off&#8221; background_image=&#8221;https:\/\/www.nymanlkv.fi\/wp-content\/uploads\/2023\/09\/drone-7-scaled.jpg&#8221; background_enable_image=&#8221;on&#8221; header_font_size_tablet=&#8221;40px&#8221; header_font_size_phone=&#8221;20px&#8221; header_font_size_last_edited=&#8221;on|phone&#8221; body_font_size_tablet=&#8221;23px&#8221; body_font_size_phone=&#8221;15px&#8221; body_font_size_last_edited=&#8221;on|phone&#8221; header_text_shadow_style=&#8221;preset2&#8243; header_text_shadow_horizontal_length=&#8221;0.05em&#8221; header_text_shadow_vertical_length=&#8221;0.04em&#8221; header_text_shadow_blur_strength=&#8221;0.03em&#8221; header_text_shadow_color=&#8221;#26577C&#8221; global_colors_info=&#8221;{}&#8221; sticky_transition=&#8221;on&#8221;]<\/p>\n<p><span style=\"color: #eeebde;\">Fastighetsf\u00f6rmedling p\u00e5 Kimito\u00f6n<\/span><\/p>\n<p>[\/et_pb_slide][\/et_pb_fullwidth_slider][\/et_pb_section][et_pb_section fb_built=&#8221;1&#8243; _builder_version=&#8221;4.22.0&#8243; _module_preset=&#8221;default&#8221; background_color=&#8221;#26577C&#8221; custom_padding=&#8221;0px||0px|||&#8221; background_color_phone=&#8221;#EEEBDE&#8221; background_last_edited=&#8221;on|phone&#8221; background_enable_color_phone=&#8221;on&#8221; global_colors_info=&#8221;{}&#8221;][et_pb_row column_structure=&#8221;1_3,1_3,1_3&#8243; _builder_version=&#8221;4.22.0&#8243; _module_preset=&#8221;default&#8221; width=&#8221;40%&#8221; width_tablet=&#8221;35%&#8221; width_phone=&#8221;70%&#8221; width_last_edited=&#8221;on|desktop&#8221; custom_margin=&#8221;0px||||false|false&#8221; custom_padding=&#8221;20px||20px||false|false&#8221; global_colors_info=&#8221;{}&#8221; custom_css_before_last_edited=&#8221;on|desktop&#8221;][et_pb_column type=&#8221;1_3&#8243; _builder_version=&#8221;4.22.0&#8243; _module_preset=&#8221;default&#8221; background_last_edited=&#8221;on|phone&#8221; global_colors_info=&#8221;{}&#8221;][et_pb_button button_url=&#8221;https:\/\/www.etuovi.com\/myytavat-asunnot-kartalla?haku=M2021426533&#8243; button_text=&#8221;FASTIGHETER&#8221; button_alignment=&#8221;center&#8221; _builder_version=&#8221;4.22.0&#8243; _module_preset=&#8221;default&#8221; custom_button=&#8221;on&#8221; custom_padding=&#8221;10px||10px||true|false&#8221; button_text_color_tablet=&#8221;&#8221; button_text_color_phone=&#8221;#EEEBDE&#8221; button_text_color_last_edited=&#8221;on|phone&#8221; button_bg_color_tablet=&#8221;&#8221; button_bg_color_phone=&#8221;#26577C&#8221; button_bg_color_last_edited=&#8221;on|phone&#8221; button_bg_enable_color_phone=&#8221;on&#8221; custom_css_main_element=&#8221;width: 100%;&#8221; global_colors_info=&#8221;{}&#8221;][\/et_pb_button][\/et_pb_column][et_pb_column type=&#8221;1_3&#8243; _builder_version=&#8221;4.22.0&#8243; _module_preset=&#8221;default&#8221; global_colors_info=&#8221;{}&#8221;][et_pb_button button_url=&#8221;https:\/\/www.etuovi.com\/myytavat-loma-asunnot-kartalla?haku=M2021426630&#8243; button_text=&#8221;STUGOR&#8221; button_alignment=&#8221;center&#8221; _builder_version=&#8221;4.22.0&#8243; _module_preset=&#8221;default&#8221; custom_button=&#8221;on&#8221; custom_padding=&#8221;10px||10px||true|false&#8221; button_text_color_tablet=&#8221;&#8221; button_text_color_phone=&#8221;#EEEBDE&#8221; button_text_color_last_edited=&#8221;on|phone&#8221; button_bg_color_tablet=&#8221;&#8221; button_bg_color_phone=&#8221;#26577C&#8221; button_bg_color_last_edited=&#8221;on|phone&#8221; custom_css_main_element=&#8221;width: 100%;&#8221; global_colors_info=&#8221;{}&#8221;][\/et_pb_button][\/et_pb_column][et_pb_column type=&#8221;1_3&#8243; _builder_version=&#8221;4.22.0&#8243; _module_preset=&#8221;default&#8221; global_colors_info=&#8221;{}&#8221;][et_pb_button button_url=&#8221;https:\/\/www.etuovi.com\/myytavat-tontit-kartalla?haku=M2021426654&#8243; button_text=&#8221;TOMTER&#8221; button_alignment=&#8221;center&#8221; _builder_version=&#8221;4.22.0&#8243; _module_preset=&#8221;default&#8221; custom_button=&#8221;on&#8221; custom_padding=&#8221;10px||10px||true|false&#8221; button_text_color_tablet=&#8221;&#8221; button_text_color_phone=&#8221;#EEEBDE&#8221; button_text_color_last_edited=&#8221;on|phone&#8221; button_bg_color_tablet=&#8221;&#8221; button_bg_color_phone=&#8221;#26577C&#8221; button_bg_color_last_edited=&#8221;on|phone&#8221; custom_css_main_element=&#8221;width: 100%;&#8221; global_colors_info=&#8221;{}&#8221;][\/et_pb_button][\/et_pb_column][\/et_pb_row][\/et_pb_section][et_pb_section fb_built=&#8221;1&#8243; fullwidth=&#8221;on&#8221; disabled_on=&#8221;on|off|off&#8221; _builder_version=&#8221;4.22.0&#8243; _module_preset=&#8221;default&#8221; min_height_tablet=&#8221;40vh&#8221; min_height_phone=&#8221;&#8221; min_height_last_edited=&#8221;on|phone&#8221; global_colors_info=&#8221;{}&#8221;][et_pb_fullwidth_slider _builder_version=&#8221;4.22.0&#8243; _module_preset=&#8221;default&#8221; header_font=&#8221;||||||||&#8221; body_font=&#8221;|||on|||||&#8221; body_text_color=&#8221;#182B0F&#8221; body_font_size=&#8221;11px&#8221; animation_style=&#8221;fade&#8221; auto=&#8221;on&#8221; auto_speed=&#8221;5000&#8243; auto_ignore_hover=&#8221;on&#8221; custom_css_slide_description=&#8221;animation-name: none;&#8221; body_text_shadow_style=&#8221;preset2&#8243; body_text_shadow_horizontal_length=&#8221;0.07em&#8221; body_text_shadow_vertical_length=&#8221;0.09em&#8221; body_text_shadow_blur_strength=&#8221;0.06em&#8221; body_text_shadow_color=&#8221;#26577C&#8221; global_colors_info=&#8221;{}&#8221;][et_pb_slide heading=&#8221;Magnus Nyman AFM AB&#8221; use_bg_overlay=&#8221;off&#8221; use_text_overlay=&#8221;off&#8221; _builder_version=&#8221;4.22.0&#8243; _module_preset=&#8221;default&#8221; header_text_color=&#8221;#EEEBDE&#8221; header_font_size=&#8221;60px&#8221; body_text_color=&#8221;#EEEBDE&#8221; body_font_size=&#8221;30px&#8221; body_line_height=&#8221;1.2em&#8221; background_enable_color=&#8221;off&#8221; background_image=&#8221;https:\/\/www.nymanlkv.fi\/wp-content\/uploads\/2023\/09\/small-drone.jpg&#8221; background_enable_image=&#8221;on&#8221; header_font_size_tablet=&#8221;40px&#8221; header_font_size_phone=&#8221;20px&#8221; header_font_size_last_edited=&#8221;on|phone&#8221; body_font_size_tablet=&#8221;23px&#8221; body_font_size_phone=&#8221;15px&#8221; body_font_size_last_edited=&#8221;on|phone&#8221; header_text_shadow_style=&#8221;preset2&#8243; header_text_shadow_horizontal_length=&#8221;0.05em&#8221; header_text_shadow_vertical_length=&#8221;0.04em&#8221; header_text_shadow_blur_strength=&#8221;0.03em&#8221; header_text_shadow_color=&#8221;#26577C&#8221; global_colors_info=&#8221;{}&#8221; sticky_transition=&#8221;on&#8221;]<\/p>\n<p><span style=\"color: #eeebde;\">Fastighetsf\u00f6rmedling p\u00e5 Kimito\u00f6n<\/span><\/p>\n<p>[\/et_pb_slide][et_pb_slide heading=&#8221;Magnus Nyman AFM AB&#8221; use_bg_overlay=&#8221;off&#8221; use_text_overlay=&#8221;off&#8221; _builder_version=&#8221;4.22.0&#8243; _module_preset=&#8221;default&#8221; header_text_color=&#8221;#EEEBDE&#8221; header_font_size=&#8221;60px&#8221; body_text_color=&#8221;#EEEBDE&#8221; body_font_size=&#8221;30px&#8221; body_line_height=&#8221;1.2em&#8221; background_enable_color=&#8221;off&#8221; background_image=&#8221;https:\/\/www.nymanlkv.fi\/wp-content\/uploads\/2023\/09\/NymanLKV-2-scaled.jpg&#8221; background_enable_image=&#8221;on&#8221; header_font_size_tablet=&#8221;40px&#8221; header_font_size_phone=&#8221;20px&#8221; header_font_size_last_edited=&#8221;on|phone&#8221; body_font_size_tablet=&#8221;23px&#8221; body_font_size_phone=&#8221;15px&#8221; body_font_size_last_edited=&#8221;on|phone&#8221; header_text_shadow_style=&#8221;preset2&#8243; header_text_shadow_horizontal_length=&#8221;0.05em&#8221; header_text_shadow_vertical_length=&#8221;0.04em&#8221; header_text_shadow_blur_strength=&#8221;0.03em&#8221; header_text_shadow_color=&#8221;#26577C&#8221; global_colors_info=&#8221;{}&#8221; sticky_transition=&#8221;on&#8221;]<\/p>\n<p><span style=\"color: #eeebde;\">Fastighetsf\u00f6rmedling p\u00e5 Kimito\u00f6n<\/span><\/p>\n<p>[\/et_pb_slide][et_pb_slide heading=&#8221;Magnus Nyman AFM AB&#8221; use_bg_overlay=&#8221;off&#8221; use_text_overlay=&#8221;off&#8221; _builder_version=&#8221;4.22.0&#8243; _module_preset=&#8221;default&#8221; header_text_color=&#8221;#EEEBDE&#8221; header_font_size=&#8221;60px&#8221; body_text_color=&#8221;#EEEBDE&#8221; body_font_size=&#8221;30px&#8221; body_line_height=&#8221;1.2em&#8221; background_enable_color=&#8221;off&#8221; background_image=&#8221;https:\/\/www.nymanlkv.fi\/wp-content\/uploads\/2023\/09\/drone-2.jpg&#8221; background_enable_image=&#8221;on&#8221; header_font_size_tablet=&#8221;40px&#8221; header_font_size_phone=&#8221;20px&#8221; header_font_size_last_edited=&#8221;on|phone&#8221; body_font_size_tablet=&#8221;23px&#8221; body_font_size_phone=&#8221;15px&#8221; body_font_size_last_edited=&#8221;on|phone&#8221; header_text_shadow_style=&#8221;preset2&#8243; header_text_shadow_horizontal_length=&#8221;0.05em&#8221; header_text_shadow_vertical_length=&#8221;0.04em&#8221; header_text_shadow_blur_strength=&#8221;0.03em&#8221; header_text_shadow_color=&#8221;#26577C&#8221; global_colors_info=&#8221;{}&#8221; sticky_transition=&#8221;on&#8221;]<\/p>\n<p><span style=\"color: #eeebde;\">Fastighetsf\u00f6rmedling p\u00e5 Kimito\u00f6n<\/span><\/p>\n<p>[\/et_pb_slide][et_pb_slide heading=&#8221;Magnus Nyman AFM AB&#8221; use_bg_overlay=&#8221;off&#8221; use_text_overlay=&#8221;off&#8221; _builder_version=&#8221;4.22.0&#8243; _module_preset=&#8221;default&#8221; header_text_color=&#8221;#EEEBDE&#8221; header_font_size=&#8221;60px&#8221; body_text_color=&#8221;#EEEBDE&#8221; body_font_size=&#8221;30px&#8221; body_line_height=&#8221;1.2em&#8221; background_enable_color=&#8221;off&#8221; background_image=&#8221;https:\/\/www.nymanlkv.fi\/wp-content\/uploads\/2023\/09\/drone-7-scaled.jpg&#8221; background_enable_image=&#8221;on&#8221; background_position=&#8221;top_center&#8221; header_font_size_tablet=&#8221;40px&#8221; header_font_size_phone=&#8221;20px&#8221; header_font_size_last_edited=&#8221;on|phone&#8221; body_font_size_tablet=&#8221;23px&#8221; body_font_size_phone=&#8221;15px&#8221; body_font_size_last_edited=&#8221;on|phone&#8221; header_text_shadow_style=&#8221;preset2&#8243; header_text_shadow_horizontal_length=&#8221;0.05em&#8221; header_text_shadow_vertical_length=&#8221;0.04em&#8221; header_text_shadow_blur_strength=&#8221;0.03em&#8221; header_text_shadow_color=&#8221;#26577C&#8221; global_colors_info=&#8221;{}&#8221; sticky_transition=&#8221;on&#8221;]<\/p>\n<p><span style=\"color: #eeebde;\">Fastighetsf\u00f6rmedling p\u00e5 Kimito\u00f6n<\/span><\/p>\n<p>[\/et_pb_slide][et_pb_slide heading=&#8221;Magnus Nyman AFM AB&#8221; use_bg_overlay=&#8221;off&#8221; use_text_overlay=&#8221;off&#8221; _builder_version=&#8221;4.22.0&#8243; _module_preset=&#8221;default&#8221; header_text_color=&#8221;#EEEBDE&#8221; header_font_size=&#8221;60px&#8221; body_text_color=&#8221;#EEEBDE&#8221; body_font_size=&#8221;30px&#8221; body_line_height=&#8221;1.2em&#8221; background_enable_color=&#8221;off&#8221; background_image=&#8221;https:\/\/www.nymanlkv.fi\/wp-content\/uploads\/2023\/09\/drone-5-scaled.jpg&#8221; background_enable_image=&#8221;on&#8221; header_font_size_tablet=&#8221;40px&#8221; header_font_size_phone=&#8221;20px&#8221; header_font_size_last_edited=&#8221;on|phone&#8221; body_font_size_tablet=&#8221;23px&#8221; body_font_size_phone=&#8221;15px&#8221; body_font_size_last_edited=&#8221;on|phone&#8221; header_text_shadow_style=&#8221;preset2&#8243; header_text_shadow_horizontal_length=&#8221;0.05em&#8221; header_text_shadow_vertical_length=&#8221;0.04em&#8221; header_text_shadow_blur_strength=&#8221;0.03em&#8221; header_text_shadow_color=&#8221;#26577C&#8221; global_colors_info=&#8221;{}&#8221; sticky_transition=&#8221;on&#8221;]<\/p>\n<p><span style=\"color: #eeebde;\">Fastighetsf\u00f6rmedling p\u00e5 Kimito\u00f6n<\/span><\/p>\n<p>[\/et_pb_slide][\/et_pb_fullwidth_slider][\/et_pb_section][et_pb_section fb_built=&#8221;1&#8243; fullwidth=&#8221;on&#8221; _builder_version=&#8221;4.22.0&#8243; _module_preset=&#8221;default&#8221; background_color=&#8221;#EEEBDE&#8221; top_divider_height=&#8221;25px&#8221; global_colors_info=&#8221;{}&#8221;][et_pb_fullwidth_header title=&#8221;Om oss&#8221; _builder_version=&#8221;4.22.0&#8243; _module_preset=&#8221;default&#8221; title_text_color=&#8221;#EEEBDE&#8221; content_text_color=&#8221;#EEEBDE&#8221; background_color=&#8221;#26577C&#8221; custom_button_one=&#8221;on&#8221; button_one_custom_padding=&#8221;10px||10px||true|false&#8221; min_height=&#8221;30vh&#8221; custom_padding=&#8221;40px||50px||false|false&#8221; custom_padding_tablet=&#8221;40px||50px||false|false&#8221; custom_padding_phone=&#8221;0px||50px||false|false&#8221; custom_padding_last_edited=&#8221;on|phone&#8221; content_font_size_tablet=&#8221;16px&#8221; content_font_size_phone=&#8221;16px&#8221; content_font_size_last_edited=&#8221;on|phone&#8221; global_colors_info=&#8221;{}&#8221;]<\/p>\n<p>Magnus Nyman AFM AB \u00e4r en fastighetsf\u00f6rmedlingsbyr\u00e5 p\u00e5 Kimito\u00f6n. F\u00f6retaget grundades \u00e5r 1996 av Magnus Nyman och drivs idag av sonen Mats Nyman. F\u00f6retaget erbjuder tj\u00e4nster inom fastighetsf\u00f6rmedling, hyresf\u00f6rmedling, uppg\u00f6rande av k\u00f6pebrev, v\u00e4rderingar, bouppteckningar, arvsskiften, bolagsbildningar samt konsultarbeten. Med v\u00e5r l\u00e5nga erfarenhet av f\u00f6rmedling av sk\u00e4rg\u00e5rdsobjekt \u00e4r vi det r\u00e4tta valet d\u00e5 du vill k\u00f6pa eller s\u00e4lja ett objekt.<\/p>\n<p>[\/et_pb_fullwidth_header][et_pb_fullwidth_header title=&#8221;Funderar du p\u00e5 att s\u00e4lja din fastighet?&#8221; button_one_text=&#8221;Kontakta oss&#8221; button_one_url=&#8221;\/kontakt&#8221; header_image_url=&#8221;https:\/\/www.nymanlkv.fi\/wp-content\/uploads\/2023\/10\/gruppnyman2.png&#8221; _builder_version=&#8221;4.22.0&#8243; _module_preset=&#8221;default&#8221; title_text_color=&#8221;#26577C&#8221; content_text_color=&#8221;#26577C&#8221; background_enable_color=&#8221;off&#8221; custom_button_one=&#8221;on&#8221; button_one_custom_padding=&#8221;10px||10px||true|false&#8221; custom_padding=&#8221;0px||0px|||&#8221; hover_enabled=&#8221;0&#8243; title_font_size_tablet=&#8221;&#8221; title_font_size_phone=&#8221;20px&#8221; title_font_size_last_edited=&#8221;on|phone&#8221; global_colors_info=&#8221;{}&#8221; title_text=&#8221;gruppnyman2&#8243; sticky_enabled=&#8221;0&#8243;]<\/p>\n<p>H\u00f6r av dig till oss s\u00e5 ber\u00e4ttar vi hur vi kan hj\u00e4lpa dig.<\/p>\n<p>[\/et_pb_fullwidth_header][\/et_pb_section][et_pb_section fb_built=&#8221;1&#8243; next_background_color=&#8221;#EEEBDE&#8221; _builder_version=&#8221;4.22.0&#8243; _module_preset=&#8221;default&#8221; background_color=&#8221;#26577C&#8221; top_divider_flip=&#8221;horizontal&#8221; bottom_divider_style=&#8221;waves2&#8243; bottom_divider_height=&#8221;31px&#8221; global_colors_info=&#8221;{}&#8221;][et_pb_row _builder_version=&#8221;4.22.0&#8243; _module_preset=&#8221;default&#8221; global_colors_info=&#8221;{}&#8221;][et_pb_column type=&#8221;4_4&#8243; _builder_version=&#8221;4.22.0&#8243; _module_preset=&#8221;default&#8221; global_colors_info=&#8221;{}&#8221;][et_pb_heading title=&#8221;F\u00f6lj oss&#8221; _builder_version=&#8221;4.22.0&#8243; _module_preset=&#8221;default&#8221; title_text_align=&#8221;center&#8221; title_text_color=&#8221;#EEEBDE&#8221; global_colors_info=&#8221;{}&#8221;][\/et_pb_heading][et_pb_social_media_follow icon_color=&#8221;#DAB783&#8243; _builder_version=&#8221;4.22.0&#8243; _module_preset=&#8221;default&#8221; custom_button=&#8221;on&#8221; button_text_color=&#8221;#EEEBDE&#8221; text_orientation=&#8221;center&#8221; global_colors_info=&#8221;{}&#8221;][et_pb_social_media_follow_network social_network=&#8221;facebook&#8221; url=&#8221;https:\/\/www.facebook.com\/people\/Magnus-Nyman-Afm-Lkv\/100054399914725\/&#8221; icon_color=&#8221;#26577C&#8221; use_icon_font_size=&#8221;on&#8221; icon_font_size=&#8221;34px&#8221; _builder_version=&#8221;4.22.0&#8243; _module_preset=&#8221;default&#8221; background_color=&#8221;#EEEBDE&#8221; background_enable_color=&#8221;on&#8221; global_colors_info=&#8221;{}&#8221; follow_button=&#8221;off&#8221; url_new_window=&#8221;on&#8221;]facebook[\/et_pb_social_media_follow_network][et_pb_social_media_follow_network social_network=&#8221;instagram&#8221; url=&#8221;https:\/\/www.instagram.com\/magnusnymanafm&#8221; icon_color=&#8221;#26577C&#8221; use_icon_font_size=&#8221;on&#8221; icon_font_size=&#8221;34px&#8221; _builder_version=&#8221;4.22.0&#8243; _module_preset=&#8221;default&#8221; background_color=&#8221;#EEEBDE&#8221; background_enable_color=&#8221;on&#8221; global_colors_info=&#8221;{}&#8221; follow_button=&#8221;off&#8221; url_new_window=&#8221;on&#8221;]instagram[\/et_pb_social_media_follow_network][\/et_pb_social_media_follow][\/et_pb_column][\/et_pb_row][\/et_pb_section]<\/p>\n","protected":false},"excerpt":{"rendered":"<p>FASTIGHETSF\u00d6RMEDLING P\u00c5 KIMITO\u00d6NFastighetsf\u00f6rmedling p\u00e5 Kimito\u00f6nFastighetsf\u00f6rmedling p\u00e5 Kimito\u00f6nFastighetsf\u00f6rmedling p\u00e5 Kimito\u00f6nFastighetsf\u00f6rmedling p\u00e5 Kimito\u00f6nFastighetsf\u00f6rmedling p\u00e5 Kimito\u00f6nFastighetsf\u00f6rmedling p\u00e5 Kimito\u00f6nFastighetsf\u00f6rmedling p\u00e5 Kimito\u00f6nFastighetsf\u00f6rmedling p\u00e5 Kimito\u00f6nFastighetsf\u00f6rmedling p\u00e5 Kimito\u00f6nMagnus Nyman AFM AB \u00e4r en fastighetsf\u00f6rmedlingsbyr\u00e5 p\u00e5 Kimito\u00f6n. F\u00f6retaget grundades \u00e5r 1996 av Magnus Nyman och drivs idag av sonen Mats Nyman. F\u00f6retaget erbjuder tj\u00e4nster inom fastighetsf\u00f6rmedling, hyresf\u00f6rmedling, uppg\u00f6rande av k\u00f6pebrev, v\u00e4rderingar, bouppteckningar, arvsskiften, [&hellip;]<\/p>\n","protected":false},"author":1,"featured_media":0,"parent":0,"menu_order":0,"comment_status":"closed","ping_status":"closed","template":"","meta":{"_et_pb_use_builder":"on","_et_pb_old_content":"","_et_gb_content_width":"","footnotes":""},"class_list":["post-15","page","type-page","status-publish","hentry"],"language":"fi","_links":{"self":[{"href":"https:\/\/www.nymanlkv.fi\/fi\/wp-json\/wp\/v2\/pages\/15","targetHints":{"allow":["GET"]}}],"collection":[{"href":"https:\/\/www.nymanlkv.fi\/fi\/wp-json\/wp\/v2\/pages"}],"about":[{"href":"https:\/\/www.nymanlkv.fi\/fi\/wp-json\/wp\/v2\/types\/page"}],"author":[{"embeddable":true,"href":"https:\/\/www.nymanlkv.fi\/fi\/wp-json\/wp\/v2\/users\/1"}],"replies":[{"embeddable":true,"href":"https:\/\/www.nymanlkv.fi\/fi\/wp-json\/wp\/v2\/comments?post=15"}],"version-history":[{"count":68,"href":"https:\/\/www.nymanlkv.fi\/fi\/wp-json\/wp\/v2\/pages\/15\/revisions"}],"predecessor-version":[{"id":314,"href":"https:\/\/www.nymanlkv.fi\/fi\/wp-json\/wp\/v2\/pages\/15\/revisions\/314"}],"wp:attachment":[{"href":"https:\/\/www.nymanlkv.fi\/fi\/wp-json\/wp\/v2\/media?parent=15"}],"curies":[{"name":"wp","href":"https:\/\/api.w.org\/{rel}","templated":true}]}}